{"id":47,"date":"2021-05-21T11:37:46","date_gmt":"2021-05-21T11:37:46","guid":{"rendered":"https:\/\/cuib.assoc.ro\/?page_id=47"},"modified":"2023-08-23T11:12:37","modified_gmt":"2023-08-23T11:12:37","slug":"activitati","status":"publish","type":"page","link":"https:\/\/fpc.assoc.ro\/?page_id=47","title":{"rendered":"ACTIVIT\u0102\u021aI"},"content":{"rendered":"\t\t<div data-elementor-type=\"wp-page\" data-elementor-id=\"47\" class=\"elementor elementor-47\" data-elementor-post-type=\"page\">\n\t\t\t\t\t\t<section class=\"elementor-section elementor-top-section elementor-element elementor-element-7a83b57d elementor-reverse-mobile elementor-section-boxed elementor-section-height-default elementor-section-height-default\" data-id=\"7a83b57d\" data-element_type=\"section\" data-e-type=\"section\">\n\t\t\t\t\t\t<div class=\"elementor-container elementor-column-gap-default\">\n\t\t\t\t\t<div class=\"elementor-column elementor-col-100 elementor-top-column elementor-element elementor-element-69f0226a\" data-id=\"69f0226a\" data-element_type=\"column\" data-e-type=\"column\">\n\t\t\t<div class=\"elementor-widget-wrap elementor-element-populated\">\n\t\t\t\t\t\t<div class=\"elementor-element elementor-element-209a837 elementor-widget elementor-widget-theme-post-title elementor-page-title elementor-widget-heading\" data-id=\"209a837\" data-element_type=\"widget\" data-e-type=\"widget\" data-widget_type=\"theme-post-title.default\">\n\t\t\t\t\t<h1 class=\"elementor-heading-title elementor-size-default\">ACTIVIT\u0102\u021aI<\/h1>\t\t\t\t<\/div>\n\t\t\t\t<div class=\"elementor-element elementor-element-7dc07529 elementor-share-buttons--skin-boxed elementor-share-buttons--view-icon-text elementor-share-buttons--shape-square elementor-grid-0 elementor-share-buttons--color-official elementor-widget elementor-widget-share-buttons\" data-id=\"7dc07529\" data-element_type=\"widget\" data-e-type=\"widget\" data-widget_type=\"share-buttons.default\">\n\t\t\t\t\t\t\t<div class=\"elementor-grid\" role=\"list\">\n\t\t\t\t\t\t\t\t<div class=\"elementor-grid-item\" role=\"listitem\">\n\t\t\t\t\t\t<div class=\"elementor-share-btn elementor-share-btn_facebook\" role=\"button\" tabindex=\"0\" aria-label=\"Share on facebook\">\n\t\t\t\t\t\t\t\t\t\t\t\t\t\t\t<span class=\"elementor-share-btn__icon\">\n\t\t\t\t\t\t\t\t<svg aria-hidden=\"true\" class=\"e-font-icon-svg e-fab-facebook\" viewBox=\"0 0 512 512\" xmlns=\"http:\/\/www.w3.org\/2000\/svg\"><path d=\"M504 256C504 119 393 8 256 8S8 119 8 256c0 123.78 90.69 226.38 209.25 245V327.69h-63V256h63v-54.64c0-62.15 37-96.48 93.67-96.48 27.14 0 55.52 4.84 55.52 4.84v61h-31.28c-30.8 0-40.41 19.12-40.41 38.73V256h68.78l-11 71.69h-57.78V501C413.31 482.38 504 379.78 504 256z\"><\/path><\/svg>\t\t\t\t\t\t\t<\/span>\n\t\t\t\t\t\t\t\t\t\t\t\t\t\t\t\t\t\t\t\t\t\t<div class=\"elementor-share-btn__text\">\n\t\t\t\t\t\t\t\t\t\t\t\t\t\t\t\t\t\t\t<span class=\"elementor-share-btn__title\">\n\t\t\t\t\t\t\t\t\t\tFacebook\t\t\t\t\t\t\t\t\t<\/span>\n\t\t\t\t\t\t\t\t\t\t\t\t\t\t\t\t\t<\/div>\n\t\t\t\t\t\t\t\t\t\t\t\t\t<\/div>\n\t\t\t\t\t<\/div>\n\t\t\t\t\t\t\t\t\t<div class=\"elementor-grid-item\" role=\"listitem\">\n\t\t\t\t\t\t<div class=\"elementor-share-btn elementor-share-btn_whatsapp\" role=\"button\" tabindex=\"0\" aria-label=\"Share on whatsapp\">\n\t\t\t\t\t\t\t\t\t\t\t\t\t\t\t<span class=\"elementor-share-btn__icon\">\n\t\t\t\t\t\t\t\t<svg aria-hidden=\"true\" class=\"e-font-icon-svg e-fab-whatsapp\" viewBox=\"0 0 448 512\" xmlns=\"http:\/\/www.w3.org\/2000\/svg\"><path d=\"M380.9 97.1C339 55.1 283.2 32 223.9 32c-122.4 0-222 99.6-222 222 0 39.1 10.2 77.3 29.6 111L0 480l117.7-30.9c32.4 17.7 68.9 27 106.1 27h.1c122.3 0 224.1-99.6 224.1-222 0-59.3-25.2-115-67.1-157zm-157 341.6c-33.2 0-65.7-8.9-94-25.7l-6.7-4-69.8 18.3L72 359.2l-4.4-7c-18.5-29.4-28.2-63.3-28.2-98.2 0-101.7 82.8-184.5 184.6-184.5 49.3 0 95.6 19.2 130.4 54.1 34.8 34.9 56.2 81.2 56.1 130.5 0 101.8-84.9 184.6-186.6 184.6zm101.2-138.2c-5.5-2.8-32.8-16.2-37.9-18-5.1-1.9-8.8-2.8-12.5 2.8-3.7 5.6-14.3 18-17.6 21.8-3.2 3.7-6.5 4.2-12 1.4-32.6-16.3-54-29.1-75.5-66-5.7-9.8 5.7-9.1 16.3-30.3 1.8-3.7.9-6.9-.5-9.7-1.4-2.8-12.5-30.1-17.1-41.2-4.5-10.8-9.1-9.3-12.5-9.5-3.2-.2-6.9-.2-10.6-.2-3.7 0-9.7 1.4-14.8 6.9-5.1 5.6-19.4 19-19.4 46.3 0 27.3 19.9 53.7 22.6 57.4 2.8 3.7 39.1 59.7 94.8 83.8 35.2 15.2 49 16.5 66.6 13.9 10.7-1.6 32.8-13.4 37.4-26.4 4.6-13 4.6-24.1 3.2-26.4-1.3-2.5-5-3.9-10.5-6.6z\"><\/path><\/svg>\t\t\t\t\t\t\t<\/span>\n\t\t\t\t\t\t\t\t\t\t\t\t\t\t\t\t\t\t\t\t\t\t<div class=\"elementor-share-btn__text\">\n\t\t\t\t\t\t\t\t\t\t\t\t\t\t\t\t\t\t\t<span class=\"elementor-share-btn__title\">\n\t\t\t\t\t\t\t\t\t\tWhatsApp\t\t\t\t\t\t\t\t\t<\/span>\n\t\t\t\t\t\t\t\t\t\t\t\t\t\t\t\t\t<\/div>\n\t\t\t\t\t\t\t\t\t\t\t\t\t<\/div>\n\t\t\t\t\t<\/div>\n\t\t\t\t\t\t\t\t\t<div class=\"elementor-grid-item\" role=\"listitem\">\n\t\t\t\t\t\t<div class=\"elementor-share-btn elementor-share-btn_email\" role=\"button\" tabindex=\"0\" aria-label=\"Share on email\">\n\t\t\t\t\t\t\t\t\t\t\t\t\t\t\t<span class=\"elementor-share-btn__icon\">\n\t\t\t\t\t\t\t\t<svg aria-hidden=\"true\" class=\"e-font-icon-svg e-fas-envelope\" viewBox=\"0 0 512 512\" xmlns=\"http:\/\/www.w3.org\/2000\/svg\"><path d=\"M502.3 190.8c3.9-3.1 9.7-.2 9.7 4.7V400c0 26.5-21.5 48-48 48H48c-26.5 0-48-21.5-48-48V195.6c0-5 5.7-7.8 9.7-4.7 22.4 17.4 52.1 39.5 154.1 113.6 21.1 15.4 56.7 47.8 92.2 47.6 35.7.3 72-32.8 92.3-47.6 102-74.1 131.6-96.3 154-113.7zM256 320c23.2.4 56.6-29.2 73.4-41.4 132.7-96.3 142.8-104.7 173.4-128.7 5.8-4.5 9.2-11.5 9.2-18.9v-19c0-26.5-21.5-48-48-48H48C21.5 64 0 85.5 0 112v19c0 7.4 3.4 14.3 9.2 18.9 30.6 23.9 40.7 32.4 173.4 128.7 16.8 12.2 50.2 41.8 73.4 41.4z\"><\/path><\/svg>\t\t\t\t\t\t\t<\/span>\n\t\t\t\t\t\t\t\t\t\t\t\t\t\t\t\t\t\t\t\t\t\t<div class=\"elementor-share-btn__text\">\n\t\t\t\t\t\t\t\t\t\t\t\t\t\t\t\t\t\t\t<span class=\"elementor-share-btn__title\">\n\t\t\t\t\t\t\t\t\t\tEmail\t\t\t\t\t\t\t\t\t<\/span>\n\t\t\t\t\t\t\t\t\t\t\t\t\t\t\t\t\t<\/div>\n\t\t\t\t\t\t\t\t\t\t\t\t\t<\/div>\n\t\t\t\t\t<\/div>\n\t\t\t\t\t\t\t\t\t<div class=\"elementor-grid-item\" role=\"listitem\">\n\t\t\t\t\t\t<div class=\"elementor-share-btn elementor-share-btn_linkedin\" role=\"button\" tabindex=\"0\" aria-label=\"Share on linkedin\">\n\t\t\t\t\t\t\t\t\t\t\t\t\t\t\t<span class=\"elementor-share-btn__icon\">\n\t\t\t\t\t\t\t\t<svg aria-hidden=\"true\" class=\"e-font-icon-svg e-fab-linkedin\" viewBox=\"0 0 448 512\" xmlns=\"http:\/\/www.w3.org\/2000\/svg\"><path d=\"M416 32H31.9C14.3 32 0 46.5 0 64.3v383.4C0 465.5 14.3 480 31.9 480H416c17.6 0 32-14.5 32-32.3V64.3c0-17.8-14.4-32.3-32-32.3zM135.4 416H69V202.2h66.5V416zm-33.2-243c-21.3 0-38.5-17.3-38.5-38.5S80.9 96 102.2 96c21.2 0 38.5 17.3 38.5 38.5 0 21.3-17.2 38.5-38.5 38.5zm282.1 243h-66.4V312c0-24.8-.5-56.7-34.5-56.7-34.6 0-39.9 27-39.9 54.9V416h-66.4V202.2h63.7v29.2h.9c8.9-16.8 30.6-34.5 62.9-34.5 67.2 0 79.7 44.3 79.7 101.9V416z\"><\/path><\/svg>\t\t\t\t\t\t\t<\/span>\n\t\t\t\t\t\t\t\t\t\t\t\t\t\t\t\t\t\t\t\t\t\t<div class=\"elementor-share-btn__text\">\n\t\t\t\t\t\t\t\t\t\t\t\t\t\t\t\t\t\t\t<span class=\"elementor-share-btn__title\">\n\t\t\t\t\t\t\t\t\t\tLinkedIn\t\t\t\t\t\t\t\t\t<\/span>\n\t\t\t\t\t\t\t\t\t\t\t\t\t\t\t\t\t<\/div>\n\t\t\t\t\t\t\t\t\t\t\t\t\t<\/div>\n\t\t\t\t\t<\/div>\n\t\t\t\t\t\t\t\t\t<div class=\"elementor-grid-item\" role=\"listitem\">\n\t\t\t\t\t\t<div class=\"elementor-share-btn elementor-share-btn_telegram\" role=\"button\" tabindex=\"0\" aria-label=\"Share on telegram\">\n\t\t\t\t\t\t\t\t\t\t\t\t\t\t\t<span class=\"elementor-share-btn__icon\">\n\t\t\t\t\t\t\t\t<svg aria-hidden=\"true\" class=\"e-font-icon-svg e-fab-telegram\" viewBox=\"0 0 496 512\" xmlns=\"http:\/\/www.w3.org\/2000\/svg\"><path d=\"M248 8C111 8 0 119 0 256s111 248 248 248 248-111 248-248S385 8 248 8zm121.8 169.9l-40.7 191.8c-3 13.6-11.1 16.9-22.4 10.5l-62-45.7-29.9 28.8c-3.3 3.3-6.1 6.1-12.5 6.1l4.4-63.1 114.9-103.8c5-4.4-1.1-6.9-7.7-2.5l-142 89.4-61.2-19.1c-13.3-4.2-13.6-13.3 2.8-19.7l239.1-92.2c11.1-4 20.8 2.7 17.2 19.5z\"><\/path><\/svg>\t\t\t\t\t\t\t<\/span>\n\t\t\t\t\t\t\t\t\t\t\t\t\t\t\t\t\t\t\t\t\t\t<div class=\"elementor-share-btn__text\">\n\t\t\t\t\t\t\t\t\t\t\t\t\t\t\t\t\t\t\t<span class=\"elementor-share-btn__title\">\n\t\t\t\t\t\t\t\t\t\tTelegram\t\t\t\t\t\t\t\t\t<\/span>\n\t\t\t\t\t\t\t\t\t\t\t\t\t\t\t\t\t<\/div>\n\t\t\t\t\t\t\t\t\t\t\t\t\t<\/div>\n\t\t\t\t\t<\/div>\n\t\t\t\t\t\t\t\t\t<div class=\"elementor-grid-item\" role=\"listitem\">\n\t\t\t\t\t\t<div class=\"elementor-share-btn elementor-share-btn_skype\" role=\"button\" tabindex=\"0\" aria-label=\"Share on skype\">\n\t\t\t\t\t\t\t\t\t\t\t\t\t\t\t<span class=\"elementor-share-btn__icon\">\n\t\t\t\t\t\t\t\t<svg aria-hidden=\"true\" class=\"e-font-icon-svg e-fab-skype\" viewBox=\"0 0 448 512\" xmlns=\"http:\/\/www.w3.org\/2000\/svg\"><path d=\"M424.7 299.8c2.9-14 4.7-28.9 4.7-43.8 0-113.5-91.9-205.3-205.3-205.3-14.9 0-29.7 1.7-43.8 4.7C161.3 40.7 137.7 32 112 32 50.2 32 0 82.2 0 144c0 25.7 8.7 49.3 23.3 68.2-2.9 14-4.7 28.9-4.7 43.8 0 113.5 91.9 205.3 205.3 205.3 14.9 0 29.7-1.7 43.8-4.7 19 14.6 42.6 23.3 68.2 23.3 61.8 0 112-50.2 112-112 .1-25.6-8.6-49.2-23.2-68.1zm-194.6 91.5c-65.6 0-120.5-29.2-120.5-65 0-16 9-30.6 29.5-30.6 31.2 0 34.1 44.9 88.1 44.9 25.7 0 42.3-11.4 42.3-26.3 0-18.7-16-21.6-42-28-62.5-15.4-117.8-22-117.8-87.2 0-59.2 58.6-81.1 109.1-81.1 55.1 0 110.8 21.9 110.8 55.4 0 16.9-11.4 31.8-30.3 31.8-28.3 0-29.2-33.5-75-33.5-25.7 0-42 7-42 22.5 0 19.8 20.8 21.8 69.1 33 41.4 9.3 90.7 26.8 90.7 77.6 0 59.1-57.1 86.5-112 86.5z\"><\/path><\/svg>\t\t\t\t\t\t\t<\/span>\n\t\t\t\t\t\t\t\t\t\t\t\t\t\t\t\t\t\t\t\t\t\t<div class=\"elementor-share-btn__text\">\n\t\t\t\t\t\t\t\t\t\t\t\t\t\t\t\t\t\t\t<span class=\"elementor-share-btn__title\">\n\t\t\t\t\t\t\t\t\t\tSkype\t\t\t\t\t\t\t\t\t<\/span>\n\t\t\t\t\t\t\t\t\t\t\t\t\t\t\t\t\t<\/div>\n\t\t\t\t\t\t\t\t\t\t\t\t\t<\/div>\n\t\t\t\t\t<\/div>\n\t\t\t\t\t\t<\/div>\n\t\t\t\t\t\t<\/div>\n\t\t\t\t<div class=\"elementor-element elementor-element-d53cc80 elementor-widget elementor-widget-text-editor\" data-id=\"d53cc80\" data-element_type=\"widget\" data-e-type=\"widget\" data-widget_type=\"text-editor.default\">\n\t\t\t\t\t\t\t\t\t<p><strong>Obiectiveleproiectelor constau \u00een oferirea unui ansamblu de activit\u0103\u0163i, realizate pentru a r\u0103spunde nevoilor sociale, precum \u015fi celor speciale, individuale, familiale sau de grup, \u00een vederea dep\u0103\u015firii situa\u0163iilor de dificultate, prevenirii \u015fi combaterii riscului de excluziune social\u0103, promov\u0103rii incluziunii sociale \u015fi cre\u015fterii calit\u0103\u0163ii vie\u0163ii pentru 126 copii \u0219i tineri, \u00eentre 16 \u0219i 25 de ani, din grupul vulnerabil al tinerilor institu\u021bionaliza\u021bi sau care au p\u0103r\u0103sit sistemul de protec\u021bie din jude\u021bul Maramure\u0219.<\/strong><\/p><p>\u00a0<\/p><p><strong>Activit\u0103\u021bi generale<\/strong><\/p><p>Principalele activit\u0103\u0163i ale serviciului social &#8211; a\u015fa cum sunt descrise \u00een cererea de finan\u0163are a proiectului, au fost:<\/p><ul><li>informare \u015fi consiliere,<\/li><li>consiliere psihologic\u0103,<\/li><li>educa\u0163ie extracurricular\u0103,<\/li><li>promovarea unui stil de via\u0163a s\u0103n\u0103tos \u015fi activ,<\/li><li>alte activit\u0103\u0163i de promovare a incluziunii sociale a GT (grupul \u0163int\u0103).<\/li><\/ul><p><br \/><strong>Activit\u0103\u0163i specifice<\/strong><\/p><p>Activit\u0103\u021bile realizate de fiecare expert:<\/p><ul><li>evaluare psiho-social\u0103 cu scopul identific\u0103rii nevoilor fiec\u0103rui beneficiar;<\/li><li>informare \u015fi consiliere social\u0103 (drepturile sociale, obliga\u0163ii cet\u0103\u0163ene\u015fti, prevenirea \u015fi combaterea unor comportamente care pot conduce la cre\u015fterea riscului de excluziune social\u0103, violen\u0163a domestic\u0103, comportament deviant, traficul de persoane, delincven\u0163\u0103, m\u0103surile de sprijin \u00een vederea facilit\u0103rii integr\u0103rii\/reintegr\u0103rii sociale \u015fi inser\u0163iei\/reinser\u0163iei familiale a categoriilor de persoane defavorizate);<\/li><li>consilierea pentru dep\u0103\u015firea unor situa\u0163ii de dificultate (pierderea unei persoane apropiate, conflicte intrafamiliale, pierderea locului de munc\u0103, boli cronice, alte teme adaptate nevoilor) care pun \u00een pericol dezvoltarea copiilor sau care genereaz\u0103 riscuri;<\/li><li>sprijinirea \u015fi consilierea copiilor\/tinerilor care au dificult\u0103\u0163i de dezvoltare \u015fi\/sau integrare \u00een familie, \u0219coal\u0103, grupuri socio-profesionale;<\/li><li>consiliere psihologic\u0103; <\/li><li>educa\u0163ie extracurricular\u0103: educa\u0163ie pentru s\u0103n\u0103tate, educa\u0163ie medical\u0103 privind prevenirea \u015fi combaterea bolilor transmisibile, educa\u0163ie pentru prevenirea \u015fi combaterea consumului de droguri, alcool, tutun, educa\u0163ie civic\u0103, educa\u0163ie pentru dezvoltarea abilit\u0103\u0163ilor pentru o via\u0163\u0103 independent\u0103, educa\u0163ie pentru prevenirea \u015fi combaterea comportamentelor anti-sociale, activit\u0103\u021bi recreative \u0219i de socializare, alte teme \u00een acord cu cererea de finan\u0163are cum ar fi: egalitatea de \u015fanse, nediscriminare, accesibilittaea persoanelor cu dizabilit\u0103\u0163i, schimb\u0103ri demografice, poluatorul pl\u0103te\u015fte, protec\u0163ia biodiversit\u0103\u0163ii, utilizarea eficient\u0103 a resurselor, atenuarea \u015fi adaptarea la schimb\u0103rile climatice, rezilienta la dezastre;<\/li><li>promovarea unui stil de via\u0163\u0103 s\u0103n\u0103tos \u015fi activ: facilitarea accesului la servicii medicale, promovarea particip\u0103rii la activit\u0103\u0163i nonformale\/informale de educa\u0163ie fizic\u0103 sau sportive, identificarea de evenimente \u015fi\/sau facilitarea accesului la activit\u0103\u0163i culturale \u015fi artistice, excursii \u015fi drume\u0163ii, promovarea activit\u0103\u0163ilor de voluntariat, etc.;<\/li><li>facilitare a accesului pe pia\u0163a muncii: suport prin referirea c\u0103tre serviciul de stimulare a ocup\u0103rii for\u0163ei de munca din cadrul proiectului(ob\u0163inerea unui loc de munc\u0103 \u015fi men\u0163inerea pe pia\u0163a muncii), facilitarea accesului la servicii de formare \u015fi reconversie profesional\u0103, orientare voca\u0163ional\u0103;<\/li><li>facilitarea accesului la o locuin\u0163\u0103: colaborare \u015fi referire c\u0103tre activitatea 3 din cadrul proiectului responsabil\u0103 de locuire sau c\u0103tre direc\u0163ia\/compartimentul de asisten\u0163\u0103 social\u0103 \u015fi autorit\u0103\u0163ile administra\u0163iei publice locale, suport \u00een \u00eentocmirea \u015fi ob\u0163inerea documentelor care eviden\u0163iaz\u0103 situa\u0163ia de dificultate a persoanei\/familiei, promovarea responsabilit\u0103\u0163ii sociale a dezvoltatorilor imobiliari, atargerea de sponsoriz\u0103ri ptr suport \u00een plus fa\u0163\u0103 de proiect; <\/li><li>comunicare \u015fi monitorizare situa\u0163ii de risc ale tinerilor sau altor persoane vulnerabile c\u0103tre alte servicii sociale din jude\u0163;<\/li><li>acompaniere\/asistenta \u015fi suport c\u0103tre alte servicii sociale \u00een scopul prevenirii \u015fi combaterii izol\u0103rii sociale;<\/li><li>alte activit\u0103\u0163i de promovare a incluziunii sociale a persoanelor defavorizate: con\u015ftientizare \u015fi sensibilizare privind riscul de excluziune social\u0103, respectarea drepturilor sociale \u015fi promovarea m\u0103surilor de asisten\u0163\u0103 social\u0103, mediere social\u0103;<\/li><li>suport\/sprijin\/asisten\u0163\u0103 pentru realizarea unor activit\u0103\u0163i instrumentale ale vie\u0163ii zilnice \u015fi acordarea de bunuri\/pachete ob\u0163inute urmare a apelurilor de sponsoriz\u0103ri.<\/li><\/ul>\t\t\t\t\t\t\t\t<\/div>\n\t\t\t\t<div class=\"elementor-element elementor-element-2d99e09a elementor-widget elementor-widget-facebook-button\" data-id=\"2d99e09a\" data-element_type=\"widget\" data-e-type=\"widget\" data-widget_type=\"facebook-button.default\">\n\t\t\t\t\t\t\t<div data-layout=\"standard\" data-colorscheme=\"light\" data-size=\"small\" data-show-faces=\"true\" class=\"elementor-facebook-widget fb-like\" data-href=\"https:\/\/fpc.assoc.ro?p=47\" data-share=\"false\" data-action=\"like\"><\/div>\n\t\t\t\t\t\t<\/div>\n\t\t\t\t\t<\/div>\n\t\t<\/div>\n\t\t\t\t\t<\/div>\n\t\t<\/section>\n\t\t\t\t<\/div>\n\t\t","protected":false},"excerpt":{"rendered":"<p>Share on facebook Facebook Share on whatsapp WhatsApp Share on email Email Share on linkedin LinkedIn Share on telegram Telegram Share on skype Skype Obiectiveleproiectelor constau \u00een oferirea unui ansamblu de activit\u0103\u0163i, realizate pentru a r\u0103spunde nevoilor sociale, precum \u015fi celor speciale, individuale, familiale sau de grup, \u00een vederea dep\u0103\u015firii situa\u0163iilor de dificultate, prevenirii \u015fi [&hellip;]<\/p>\n","protected":false},"author":1,"featured_media":0,"parent":0,"menu_order":0,"comment_status":"closed","ping_status":"closed","template":"elementor_header_footer","meta":{"footnotes":""},"class_list":["post-47","page","type-page","status-publish","hentry"],"yoast_head":"<!-- This site is optimized with the Yoast SEO plugin v27.3 - https:\/\/yoast.com\/product\/yoast-seo-wordpress\/ -->\n<title>ACTIVIT\u0102\u021aI -<\/title>\n<meta name=\"robots\" content=\"index, follow, max-snippet:-1, max-image-preview:large, max-video-preview:-1\" \/>\n<link rel=\"canonical\" href=\"https:\/\/fpc.assoc.ro\/?page_id=47\" \/>\n<meta property=\"og:locale\" content=\"en_US\" \/>\n<meta property=\"og:type\" content=\"article\" \/>\n<meta property=\"og:title\" content=\"ACTIVIT\u0102\u021aI -\" \/>\n<meta property=\"og:description\" content=\"Share on facebook Facebook Share on whatsapp WhatsApp Share on email Email Share on linkedin LinkedIn Share on telegram Telegram Share on skype Skype Obiectiveleproiectelor constau \u00een oferirea unui ansamblu de activit\u0103\u0163i, realizate pentru a r\u0103spunde nevoilor sociale, precum \u015fi celor speciale, individuale, familiale sau de grup, \u00een vederea dep\u0103\u015firii situa\u0163iilor de dificultate, prevenirii \u015fi [&hellip;]\" \/>\n<meta property=\"og:url\" content=\"https:\/\/fpc.assoc.ro\/?page_id=47\" \/>\n<meta property=\"article:modified_time\" content=\"2023-08-23T11:12:37+00:00\" \/>\n<meta name=\"twitter:card\" content=\"summary_large_image\" \/>\n<meta name=\"twitter:label1\" content=\"Est. reading time\" \/>\n\t<meta name=\"twitter:data1\" content=\"3 minutes\" \/>\n<script type=\"application\/ld+json\" class=\"yoast-schema-graph\">{\"@context\":\"https:\\\/\\\/schema.org\",\"@graph\":[{\"@type\":\"WebPage\",\"@id\":\"https:\\\/\\\/fpc.assoc.ro\\\/?page_id=47\",\"url\":\"https:\\\/\\\/fpc.assoc.ro\\\/?page_id=47\",\"name\":\"ACTIVIT\u0102\u021aI -\",\"isPartOf\":{\"@id\":\"https:\\\/\\\/fpc.assoc.ro\\\/#website\"},\"datePublished\":\"2021-05-21T11:37:46+00:00\",\"dateModified\":\"2023-08-23T11:12:37+00:00\",\"breadcrumb\":{\"@id\":\"https:\\\/\\\/fpc.assoc.ro\\\/?page_id=47#breadcrumb\"},\"inLanguage\":\"en-US\",\"potentialAction\":[{\"@type\":\"ReadAction\",\"target\":[\"https:\\\/\\\/fpc.assoc.ro\\\/?page_id=47\"]}]},{\"@type\":\"BreadcrumbList\",\"@id\":\"https:\\\/\\\/fpc.assoc.ro\\\/?page_id=47#breadcrumb\",\"itemListElement\":[{\"@type\":\"ListItem\",\"position\":1,\"name\":\"Home\",\"item\":\"https:\\\/\\\/fpc.assoc.ro\\\/\"},{\"@type\":\"ListItem\",\"position\":2,\"name\":\"ACTIVIT\u0102\u021aI\"}]},{\"@type\":\"WebSite\",\"@id\":\"https:\\\/\\\/fpc.assoc.ro\\\/#website\",\"url\":\"https:\\\/\\\/fpc.assoc.ro\\\/\",\"name\":\"\",\"description\":\"\",\"potentialAction\":[{\"@type\":\"SearchAction\",\"target\":{\"@type\":\"EntryPoint\",\"urlTemplate\":\"https:\\\/\\\/fpc.assoc.ro\\\/?s={search_term_string}\"},\"query-input\":{\"@type\":\"PropertyValueSpecification\",\"valueRequired\":true,\"valueName\":\"search_term_string\"}}],\"inLanguage\":\"en-US\"}]}<\/script>\n<!-- \/ Yoast SEO plugin. -->","yoast_head_json":{"title":"ACTIVIT\u0102\u021aI -","robots":{"index":"index","follow":"follow","max-snippet":"max-snippet:-1","max-image-preview":"max-image-preview:large","max-video-preview":"max-video-preview:-1"},"canonical":"https:\/\/fpc.assoc.ro\/?page_id=47","og_locale":"en_US","og_type":"article","og_title":"ACTIVIT\u0102\u021aI -","og_description":"Share on facebook Facebook Share on whatsapp WhatsApp Share on email Email Share on linkedin LinkedIn Share on telegram Telegram Share on skype Skype Obiectiveleproiectelor constau \u00een oferirea unui ansamblu de activit\u0103\u0163i, realizate pentru a r\u0103spunde nevoilor sociale, precum \u015fi celor speciale, individuale, familiale sau de grup, \u00een vederea dep\u0103\u015firii situa\u0163iilor de dificultate, prevenirii \u015fi [&hellip;]","og_url":"https:\/\/fpc.assoc.ro\/?page_id=47","article_modified_time":"2023-08-23T11:12:37+00:00","twitter_card":"summary_large_image","twitter_misc":{"Est. reading time":"3 minutes"},"schema":{"@context":"https:\/\/schema.org","@graph":[{"@type":"WebPage","@id":"https:\/\/fpc.assoc.ro\/?page_id=47","url":"https:\/\/fpc.assoc.ro\/?page_id=47","name":"ACTIVIT\u0102\u021aI -","isPartOf":{"@id":"https:\/\/fpc.assoc.ro\/#website"},"datePublished":"2021-05-21T11:37:46+00:00","dateModified":"2023-08-23T11:12:37+00:00","breadcrumb":{"@id":"https:\/\/fpc.assoc.ro\/?page_id=47#breadcrumb"},"inLanguage":"en-US","potentialAction":[{"@type":"ReadAction","target":["https:\/\/fpc.assoc.ro\/?page_id=47"]}]},{"@type":"BreadcrumbList","@id":"https:\/\/fpc.assoc.ro\/?page_id=47#breadcrumb","itemListElement":[{"@type":"ListItem","position":1,"name":"Home","item":"https:\/\/fpc.assoc.ro\/"},{"@type":"ListItem","position":2,"name":"ACTIVIT\u0102\u021aI"}]},{"@type":"WebSite","@id":"https:\/\/fpc.assoc.ro\/#website","url":"https:\/\/fpc.assoc.ro\/","name":"","description":"","potentialAction":[{"@type":"SearchAction","target":{"@type":"EntryPoint","urlTemplate":"https:\/\/fpc.assoc.ro\/?s={search_term_string}"},"query-input":{"@type":"PropertyValueSpecification","valueRequired":true,"valueName":"search_term_string"}}],"inLanguage":"en-US"}]}},"_links":{"self":[{"href":"https:\/\/fpc.assoc.ro\/index.php?rest_route=\/wp\/v2\/pages\/47","targetHints":{"allow":["GET"]}}],"collection":[{"href":"https:\/\/fpc.assoc.ro\/index.php?rest_route=\/wp\/v2\/pages"}],"about":[{"href":"https:\/\/fpc.assoc.ro\/index.php?rest_route=\/wp\/v2\/types\/page"}],"author":[{"embeddable":true,"href":"https:\/\/fpc.assoc.ro\/index.php?rest_route=\/wp\/v2\/users\/1"}],"replies":[{"embeddable":true,"href":"https:\/\/fpc.assoc.ro\/index.php?rest_route=%2Fwp%2Fv2%2Fcomments&post=47"}],"version-history":[{"count":29,"href":"https:\/\/fpc.assoc.ro\/index.php?rest_route=\/wp\/v2\/pages\/47\/revisions"}],"predecessor-version":[{"id":336,"href":"https:\/\/fpc.assoc.ro\/index.php?rest_route=\/wp\/v2\/pages\/47\/revisions\/336"}],"wp:attachment":[{"href":"https:\/\/fpc.assoc.ro\/index.php?rest_route=%2Fwp%2Fv2%2Fmedia&parent=47"}],"curies":[{"name":"wp","href":"https:\/\/api.w.org\/{rel}","templated":true}]}}