{"id":73,"date":"2021-05-21T11:55:17","date_gmt":"2021-05-21T11:55:17","guid":{"rendered":"https:\/\/cuib.assoc.ro\/?page_id=73"},"modified":"2021-06-26T16:47:48","modified_gmt":"2021-06-26T16:47:48","slug":"comunicate","status":"publish","type":"page","link":"https:\/\/fpc.assoc.ro\/?page_id=73","title":{"rendered":"COMUNICATE"},"content":{"rendered":"\t\t<div data-elementor-type=\"wp-page\" data-elementor-id=\"73\" class=\"elementor elementor-73\" data-elementor-post-type=\"page\">\n\t\t\t\t\t\t<section class=\"elementor-section elementor-top-section elementor-element elementor-element-3686800c elementor-section-boxed elementor-section-height-default elementor-section-height-default\" data-id=\"3686800c\" data-element_type=\"section\" data-e-type=\"section\">\n\t\t\t\t\t\t<div class=\"elementor-container elementor-column-gap-default\">\n\t\t\t\t\t<div class=\"elementor-column elementor-col-100 elementor-top-column elementor-element elementor-element-76bb5f2a\" data-id=\"76bb5f2a\" data-element_type=\"column\" data-e-type=\"column\">\n\t\t\t<div class=\"elementor-widget-wrap elementor-element-populated\">\n\t\t\t\t\t\t<div class=\"elementor-element elementor-element-1ac617ec elementor-widget elementor-widget-text-editor\" data-id=\"1ac617ec\" data-element_type=\"widget\" data-e-type=\"widget\" data-widget_type=\"text-editor.default\">\n\t\t\t\t\t\t\t\t\t<h3>COMUNICATE<\/h3>\t\t\t\t\t\t\t\t<\/div>\n\t\t\t\t\t<\/div>\n\t\t<\/div>\n\t\t\t\t\t<\/div>\n\t\t<\/section>\n\t\t\t\t<section class=\"elementor-section elementor-top-section elementor-element elementor-element-30a1a0e1 elementor-section-boxed elementor-section-height-default elementor-section-height-default\" data-id=\"30a1a0e1\" data-element_type=\"section\" data-e-type=\"section\">\n\t\t\t\t\t\t<div class=\"elementor-container elementor-column-gap-no\">\n\t\t\t\t\t<div class=\"elementor-column elementor-col-100 elementor-top-column elementor-element elementor-element-21309b77\" data-id=\"21309b77\" data-element_type=\"column\" data-e-type=\"column\">\n\t\t\t<div class=\"elementor-widget-wrap elementor-element-populated\">\n\t\t\t\t\t\t<div class=\"elementor-element elementor-element-29cb5b17 elementor-grid-tablet-1 elementor-grid-3 elementor-grid-mobile-1 elementor-posts--thumbnail-top elementor-posts__hover-gradient elementor-widget elementor-widget-posts\" data-id=\"29cb5b17\" data-element_type=\"widget\" data-e-type=\"widget\" data-settings=\"{&quot;cards_columns_tablet&quot;:&quot;1&quot;,&quot;cards_row_gap&quot;:{&quot;unit&quot;:&quot;px&quot;,&quot;size&quot;:70,&quot;sizes&quot;:[]},&quot;cards_columns&quot;:&quot;3&quot;,&quot;cards_columns_mobile&quot;:&quot;1&quot;,&quot;cards_row_gap_tablet&quot;:{&quot;unit&quot;:&quot;px&quot;,&quot;size&quot;:&quot;&quot;,&quot;sizes&quot;:[]},&quot;cards_row_gap_mobile&quot;:{&quot;unit&quot;:&quot;px&quot;,&quot;size&quot;:&quot;&quot;,&quot;sizes&quot;:[]}}\" data-widget_type=\"posts.cards\">\n\t\t\t\t<div class=\"elementor-widget-container\">\n\t\t\t\t\t\t\t<div class=\"elementor-posts-container elementor-posts elementor-posts--skin-cards elementor-grid\" role=\"list\">\n\t\t\t\t<article class=\"elementor-post elementor-grid-item post-45970 post type-post status-publish format-standard has-post-thumbnail hentry category-noutati\" role=\"listitem\">\n\t\t\t<div class=\"elementor-post__card\">\n\t\t\t\t<a class=\"elementor-post__thumbnail__link\" href=\"https:\/\/fpc.assoc.ro\/?p=45970\" tabindex=\"-1\" ><div class=\"elementor-post__thumbnail\"><img fetchpriority=\"high\" decoding=\"async\" width=\"628\" height=\"471\" src=\"https:\/\/fpc.assoc.ro\/wp-content\/uploads\/2021\/08\/cursuri-it-ileanda.jpeg\" class=\"attachment-full size-full wp-image-282\" alt=\"\" srcset=\"https:\/\/fpc.assoc.ro\/wp-content\/uploads\/2021\/08\/cursuri-it-ileanda.jpeg 628w, https:\/\/fpc.assoc.ro\/wp-content\/uploads\/2021\/08\/cursuri-it-ileanda-300x225.jpeg 300w\" sizes=\"(max-width: 628px) 100vw, 628px\" \/><\/div><\/a>\n\t\t\t\t<div class=\"elementor-post__text\">\n\t\t\t\t<h3 class=\"elementor-post__title\">\n\t\t\t<a href=\"https:\/\/fpc.assoc.ro\/?p=45970\" >\n\t\t\t\tCompeten\u021bele Viitorului: Un nou curs dedicat gestion\u0103rii sustenabile a de\u0219eurilor industriale\t\t\t<\/a>\n\t\t<\/h3>\n\t\t\t\t<div class=\"elementor-post__excerpt\">\n\t\t\t<p>Dup\u0103 finalizarea cu succes a celei de-a doua serii a cursului \u201eCompeten\u021be digitale avansate \u2013 Calcule analitice \u0219i securitatea informa\u021biilor\u201d, ASSOC anun\u021b\u0103 lansarea unui nou program de formare profesional\u0103, dedicat<\/p>\n\t\t<\/div>\n\t\t\n\t\t<a class=\"elementor-post__read-more\" href=\"https:\/\/fpc.assoc.ro\/?p=45970\" aria-label=\"Read more about Competen\u021bele Viitorului: Un nou curs dedicat gestion\u0103rii sustenabile a de\u0219eurilor industriale\" tabindex=\"-1\" >\n\t\t\tCITE\u0218TE INTEGRAL...\t\t<\/a>\n\n\t\t\t\t<\/div>\n\t\t\t\t\t<\/div>\n\t\t<\/article>\n\t\t\t\t<article class=\"elementor-post elementor-grid-item post-45972 post type-post status-publish format-standard has-post-thumbnail hentry category-noutati\" role=\"listitem\">\n\t\t\t<div class=\"elementor-post__card\">\n\t\t\t\t<a class=\"elementor-post__thumbnail__link\" href=\"https:\/\/fpc.assoc.ro\/?p=45972\" tabindex=\"-1\" ><div class=\"elementor-post__thumbnail\"><img decoding=\"async\" width=\"1920\" height=\"1080\" src=\"https:\/\/fpc.assoc.ro\/wp-content\/uploads\/2025\/02\/Competentele-Viitorului-Cover-1.png\" class=\"attachment-full size-full wp-image-45950\" alt=\"\" srcset=\"https:\/\/fpc.assoc.ro\/wp-content\/uploads\/2025\/02\/Competentele-Viitorului-Cover-1.png 1920w, https:\/\/fpc.assoc.ro\/wp-content\/uploads\/2025\/02\/Competentele-Viitorului-Cover-1-300x169.png 300w, https:\/\/fpc.assoc.ro\/wp-content\/uploads\/2025\/02\/Competentele-Viitorului-Cover-1-1024x576.png 1024w, https:\/\/fpc.assoc.ro\/wp-content\/uploads\/2025\/02\/Competentele-Viitorului-Cover-1-768x432.png 768w, https:\/\/fpc.assoc.ro\/wp-content\/uploads\/2025\/02\/Competentele-Viitorului-Cover-1-1536x864.png 1536w, https:\/\/fpc.assoc.ro\/wp-content\/uploads\/2025\/02\/Competentele-Viitorului-Cover-1-1200x675.png 1200w\" sizes=\"(max-width: 1920px) 100vw, 1920px\" \/><\/div><\/a>\n\t\t\t\t<div class=\"elementor-post__text\">\n\t\t\t\t<h3 class=\"elementor-post__title\">\n\t\t\t<a href=\"https:\/\/fpc.assoc.ro\/?p=45972\" >\n\t\t\t\tFormare profesional\u0103 continu\u0103: \u00censcrieri deschise pentru cursuri gratuite \u00een domeniul digital \u0219i industrial\t\t\t<\/a>\n\t\t<\/h3>\n\t\t\t\t<div class=\"elementor-post__excerpt\">\n\t\t\t<p>Proiectul \u201eCompeten\u021bele Viitorului\u201d continu\u0103 s\u0103 ofere oportunit\u0103\u021bi concrete de formare profesional\u0103 pentru cei care \u00ee\u0219i doresc reconversie profesional\u0103 sau dezvoltare \u00een carier\u0103. \u00cen aceast\u0103 perioad\u0103, sunt disponibile dou\u0103 cursuri gratuite<\/p>\n\t\t<\/div>\n\t\t\n\t\t<a class=\"elementor-post__read-more\" href=\"https:\/\/fpc.assoc.ro\/?p=45972\" aria-label=\"Read more about Formare profesional\u0103 continu\u0103: \u00censcrieri deschise pentru cursuri gratuite \u00een domeniul digital \u0219i industrial\" tabindex=\"-1\" >\n\t\t\tCITE\u0218TE INTEGRAL...\t\t<\/a>\n\n\t\t\t\t<\/div>\n\t\t\t\t\t<\/div>\n\t\t<\/article>\n\t\t\t\t<article class=\"elementor-post elementor-grid-item post-52068 post type-post status-publish format-standard hentry\" role=\"listitem\">\n\t\t\t<div class=\"elementor-post__card\">\n\t\t\t\t<div class=\"elementor-post__text\">\n\t\t\t\t<h3 class=\"elementor-post__title\">\n\t\t\t<a href=\"https:\/\/fpc.assoc.ro\/?p=52068\" >\n\t\t\t\tJocuri Ca La Aparate Sizzling Spins\t\t\t<\/a>\n\t\t<\/h3>\n\t\t\t\t<div class=\"elementor-post__excerpt\">\n\t\t\t<p>Jocuri Ca La Aparate Sizzling Spins Profita&#539;i de acest bonus pentru a &icirc;ncerca jocurile slot &#537;i pentru a v&#259; familiariza mai mult cu Slotohit Casino, de a &icirc;ncerca jocuri noi.<\/p>\n\t\t<\/div>\n\t\t\n\t\t<a class=\"elementor-post__read-more\" href=\"https:\/\/fpc.assoc.ro\/?p=52068\" aria-label=\"Read more about Jocuri Ca La Aparate Sizzling Spins\" tabindex=\"-1\" >\n\t\t\tCITE\u0218TE INTEGRAL...\t\t<\/a>\n\n\t\t\t\t<\/div>\n\t\t\t\t\t<\/div>\n\t\t<\/article>\n\t\t\t\t<article class=\"elementor-post elementor-grid-item post-52069 post type-post status-publish format-standard hentry\" role=\"listitem\">\n\t\t\t<div class=\"elementor-post__card\">\n\t\t\t\t<div class=\"elementor-post__text\">\n\t\t\t\t<h3 class=\"elementor-post__title\">\n\t\t\t<a href=\"https:\/\/fpc.assoc.ro\/?p=52069\" >\n\t\t\t\tJocuri Noroc 77777\t\t\t<\/a>\n\t\t<\/h3>\n\t\t\t\t<div class=\"elementor-post__excerpt\">\n\t\t\t<p>Jocuri Noroc 77777 Selec&#539;ia jocului nu este diferit&#259; de orice alt site de jocuri de noroc &#537;i nu ve&#539;i g&#259;si o lips&#259; de furnizori de software din care s&#259; alege&#539;i,<\/p>\n\t\t<\/div>\n\t\t\n\t\t<a class=\"elementor-post__read-more\" href=\"https:\/\/fpc.assoc.ro\/?p=52069\" aria-label=\"Read more about Jocuri Noroc 77777\" tabindex=\"-1\" >\n\t\t\tCITE\u0218TE INTEGRAL...\t\t<\/a>\n\n\t\t\t\t<\/div>\n\t\t\t\t\t<\/div>\n\t\t<\/article>\n\t\t\t\t<article class=\"elementor-post elementor-grid-item post-52070 post type-post status-publish format-standard hentry\" role=\"listitem\">\n\t\t\t<div class=\"elementor-post__card\">\n\t\t\t\t<div class=\"elementor-post__text\">\n\t\t\t\t<h3 class=\"elementor-post__title\">\n\t\t\t<a href=\"https:\/\/fpc.assoc.ro\/?p=52070\" >\n\t\t\t\tAparate Online Rotiri Gratuite\t\t\t<\/a>\n\t\t<\/h3>\n\t\t\t\t<div class=\"elementor-post__excerpt\">\n\t\t\t<p>Aparate Online Rotiri Gratuite PlayAmo are mai multe limite de depunere &#537;i retragere &icirc;n vigoare, care este unul dintre cei mai mari dezvoltatori de software din lume. Aparate online rotiri<\/p>\n\t\t<\/div>\n\t\t\n\t\t<a class=\"elementor-post__read-more\" href=\"https:\/\/fpc.assoc.ro\/?p=52070\" aria-label=\"Read more about Aparate Online Rotiri Gratuite\" tabindex=\"-1\" >\n\t\t\tCITE\u0218TE INTEGRAL...\t\t<\/a>\n\n\t\t\t\t<\/div>\n\t\t\t\t\t<\/div>\n\t\t<\/article>\n\t\t\t\t<article class=\"elementor-post elementor-grid-item post-52071 post type-post status-publish format-standard hentry\" role=\"listitem\">\n\t\t\t<div class=\"elementor-post__card\">\n\t\t\t\t<div class=\"elementor-post__text\">\n\t\t\t\t<h3 class=\"elementor-post__title\">\n\t\t\t<a href=\"https:\/\/fpc.assoc.ro\/?p=52071\" >\n\t\t\t\tUnibet Rotiri Gratuite Fara Depunere 2026\t\t\t<\/a>\n\t\t<\/h3>\n\t\t\t\t<div class=\"elementor-post__excerpt\">\n\t\t\t<p>Unibet Rotiri Gratuite Fara Depunere 2026 Strategii pentru a-&#539;i cre&#537;te &#537;ansele de c&acirc;&#537;tig la rulet&#259;. Dac&#259; simbolurile de pe role se aliniaz&#259; &icirc;ntr-un anumit mod, dar &#537;tiind cum s&#259; accesa&#539;i<\/p>\n\t\t<\/div>\n\t\t\n\t\t<a class=\"elementor-post__read-more\" href=\"https:\/\/fpc.assoc.ro\/?p=52071\" aria-label=\"Read more about Unibet Rotiri Gratuite Fara Depunere 2026\" tabindex=\"-1\" >\n\t\t\tCITE\u0218TE INTEGRAL...\t\t<\/a>\n\n\t\t\t\t<\/div>\n\t\t\t\t\t<\/div>\n\t\t<\/article>\n\t\t\t\t<article class=\"elementor-post elementor-grid-item post-52072 post type-post status-publish format-standard hentry\" role=\"listitem\">\n\t\t\t<div class=\"elementor-post__card\">\n\t\t\t\t<div class=\"elementor-post__text\">\n\t\t\t\t<h3 class=\"elementor-post__title\">\n\t\t\t<a href=\"https:\/\/fpc.assoc.ro\/?p=52072\" >\n\t\t\t\tCele Mai Bune Cazinouri Echeck\t\t\t<\/a>\n\t\t<\/h3>\n\t\t\t\t<div class=\"elementor-post__excerpt\">\n\t\t\t<p>Cele Mai Bune Cazinouri Echeck Strategii de C&acirc;&#537;tig la Jocurile de Mas&#259; Roulette &#537;i Craps. Juc&#259;torii pot juca jocurile de sloturi online &icirc;n confortul propriilor case sau oriunde se afl&#259;,<\/p>\n\t\t<\/div>\n\t\t\n\t\t<a class=\"elementor-post__read-more\" href=\"https:\/\/fpc.assoc.ro\/?p=52072\" aria-label=\"Read more about Cele Mai Bune Cazinouri Echeck\" tabindex=\"-1\" >\n\t\t\tCITE\u0218TE INTEGRAL...\t\t<\/a>\n\n\t\t\t\t<\/div>\n\t\t\t\t\t<\/div>\n\t\t<\/article>\n\t\t\t\t<article class=\"elementor-post elementor-grid-item post-52073 post type-post status-publish format-standard hentry\" role=\"listitem\">\n\t\t\t<div class=\"elementor-post__card\">\n\t\t\t\t<div class=\"elementor-post__text\">\n\t\t\t\t<h3 class=\"elementor-post__title\">\n\t\t\t<a href=\"https:\/\/fpc.assoc.ro\/?p=52073\" >\n\t\t\t\tJocuri Ca La Aparate Napoleon Rise Of An Empire\t\t\t<\/a>\n\t\t<\/h3>\n\t\t\t\t<div class=\"elementor-post__excerpt\">\n\t\t\t<p>Jocuri Ca La Aparate Napoleon Rise Of An Empire &Icirc;n acest articol, jocuri ca la aparate napoleon rise of an empire este foarte important s&#259; &icirc;n&#539;elegem c&#259; esen&#539;a pozi&#539;iei nu<\/p>\n\t\t<\/div>\n\t\t\n\t\t<a class=\"elementor-post__read-more\" href=\"https:\/\/fpc.assoc.ro\/?p=52073\" aria-label=\"Read more about Jocuri Ca La Aparate Napoleon Rise Of An Empire\" tabindex=\"-1\" >\n\t\t\tCITE\u0218TE INTEGRAL...\t\t<\/a>\n\n\t\t\t\t<\/div>\n\t\t\t\t\t<\/div>\n\t\t<\/article>\n\t\t\t\t<article class=\"elementor-post elementor-grid-item post-52074 post type-post status-publish format-standard hentry\" role=\"listitem\">\n\t\t\t<div class=\"elementor-post__card\">\n\t\t\t\t<div class=\"elementor-post__text\">\n\t\t\t\t<h3 class=\"elementor-post__title\">\n\t\t\t<a href=\"https:\/\/fpc.assoc.ro\/?p=52074\" >\n\t\t\t\tJocuri Ca La Aparate King Of Wealth\t\t\t<\/a>\n\t\t<\/h3>\n\t\t\t\t<div class=\"elementor-post__excerpt\">\n\t\t\t<p>Jocuri Ca La Aparate King Of Wealth Strategii pentru jocurile de noroc la cazinou &#8211; trucuri &#537;i sfaturi utile! Jocuri ca la aparate king of wealth jocurile de noroc sunt<\/p>\n\t\t<\/div>\n\t\t\n\t\t<a class=\"elementor-post__read-more\" href=\"https:\/\/fpc.assoc.ro\/?p=52074\" aria-label=\"Read more about Jocuri Ca La Aparate King Of Wealth\" tabindex=\"-1\" >\n\t\t\tCITE\u0218TE INTEGRAL...\t\t<\/a>\n\n\t\t\t\t<\/div>\n\t\t\t\t\t<\/div>\n\t\t<\/article>\n\t\t\t\t<\/div>\n\t\t\n\t\t\t\t\t\t<\/div>\n\t\t\t\t<\/div>\n\t\t\t\t\t<\/div>\n\t\t<\/div>\n\t\t\t\t\t<\/div>\n\t\t<\/section>\n\t\t\t\t<\/div>\n\t\t","protected":false},"excerpt":{"rendered":"<p>COMUNICATE<\/p>\n","protected":false},"author":1,"featured_media":0,"parent":0,"menu_order":0,"comment_status":"closed","ping_status":"closed","template":"elementor_header_footer","meta":{"footnotes":""},"class_list":["post-73","page","type-page","status-publish","hentry"],"yoast_head":"<!-- This site is optimized with the Yoast SEO plugin v27.3 - https:\/\/yoast.com\/product\/yoast-seo-wordpress\/ -->\n<title>COMUNICATE -<\/title>\n<meta name=\"robots\" content=\"index, follow, max-snippet:-1, max-image-preview:large, max-video-preview:-1\" \/>\n<link rel=\"canonical\" href=\"https:\/\/fpc.assoc.ro\/?page_id=73\" \/>\n<meta property=\"og:locale\" content=\"en_US\" \/>\n<meta property=\"og:type\" content=\"article\" \/>\n<meta property=\"og:title\" content=\"COMUNICATE -\" \/>\n<meta property=\"og:description\" content=\"COMUNICATE\" \/>\n<meta property=\"og:url\" content=\"https:\/\/fpc.assoc.ro\/?page_id=73\" \/>\n<meta property=\"article:modified_time\" content=\"2021-06-26T16:47:48+00:00\" \/>\n<meta name=\"twitter:card\" content=\"summary_large_image\" \/>\n<script type=\"application\/ld+json\" class=\"yoast-schema-graph\">{\"@context\":\"https:\\\/\\\/schema.org\",\"@graph\":[{\"@type\":\"WebPage\",\"@id\":\"https:\\\/\\\/fpc.assoc.ro\\\/?page_id=73\",\"url\":\"https:\\\/\\\/fpc.assoc.ro\\\/?page_id=73\",\"name\":\"COMUNICATE -\",\"isPartOf\":{\"@id\":\"https:\\\/\\\/fpc.assoc.ro\\\/#website\"},\"datePublished\":\"2021-05-21T11:55:17+00:00\",\"dateModified\":\"2021-06-26T16:47:48+00:00\",\"breadcrumb\":{\"@id\":\"https:\\\/\\\/fpc.assoc.ro\\\/?page_id=73#breadcrumb\"},\"inLanguage\":\"en-US\",\"potentialAction\":[{\"@type\":\"ReadAction\",\"target\":[\"https:\\\/\\\/fpc.assoc.ro\\\/?page_id=73\"]}]},{\"@type\":\"BreadcrumbList\",\"@id\":\"https:\\\/\\\/fpc.assoc.ro\\\/?page_id=73#breadcrumb\",\"itemListElement\":[{\"@type\":\"ListItem\",\"position\":1,\"name\":\"Home\",\"item\":\"https:\\\/\\\/fpc.assoc.ro\\\/\"},{\"@type\":\"ListItem\",\"position\":2,\"name\":\"COMUNICATE\"}]},{\"@type\":\"WebSite\",\"@id\":\"https:\\\/\\\/fpc.assoc.ro\\\/#website\",\"url\":\"https:\\\/\\\/fpc.assoc.ro\\\/\",\"name\":\"\",\"description\":\"\",\"potentialAction\":[{\"@type\":\"SearchAction\",\"target\":{\"@type\":\"EntryPoint\",\"urlTemplate\":\"https:\\\/\\\/fpc.assoc.ro\\\/?s={search_term_string}\"},\"query-input\":{\"@type\":\"PropertyValueSpecification\",\"valueRequired\":true,\"valueName\":\"search_term_string\"}}],\"inLanguage\":\"en-US\"}]}<\/script>\n<!-- \/ Yoast SEO plugin. -->","yoast_head_json":{"title":"COMUNICATE -","robots":{"index":"index","follow":"follow","max-snippet":"max-snippet:-1","max-image-preview":"max-image-preview:large","max-video-preview":"max-video-preview:-1"},"canonical":"https:\/\/fpc.assoc.ro\/?page_id=73","og_locale":"en_US","og_type":"article","og_title":"COMUNICATE -","og_description":"COMUNICATE","og_url":"https:\/\/fpc.assoc.ro\/?page_id=73","article_modified_time":"2021-06-26T16:47:48+00:00","twitter_card":"summary_large_image","schema":{"@context":"https:\/\/schema.org","@graph":[{"@type":"WebPage","@id":"https:\/\/fpc.assoc.ro\/?page_id=73","url":"https:\/\/fpc.assoc.ro\/?page_id=73","name":"COMUNICATE -","isPartOf":{"@id":"https:\/\/fpc.assoc.ro\/#website"},"datePublished":"2021-05-21T11:55:17+00:00","dateModified":"2021-06-26T16:47:48+00:00","breadcrumb":{"@id":"https:\/\/fpc.assoc.ro\/?page_id=73#breadcrumb"},"inLanguage":"en-US","potentialAction":[{"@type":"ReadAction","target":["https:\/\/fpc.assoc.ro\/?page_id=73"]}]},{"@type":"BreadcrumbList","@id":"https:\/\/fpc.assoc.ro\/?page_id=73#breadcrumb","itemListElement":[{"@type":"ListItem","position":1,"name":"Home","item":"https:\/\/fpc.assoc.ro\/"},{"@type":"ListItem","position":2,"name":"COMUNICATE"}]},{"@type":"WebSite","@id":"https:\/\/fpc.assoc.ro\/#website","url":"https:\/\/fpc.assoc.ro\/","name":"","description":"","potentialAction":[{"@type":"SearchAction","target":{"@type":"EntryPoint","urlTemplate":"https:\/\/fpc.assoc.ro\/?s={search_term_string}"},"query-input":{"@type":"PropertyValueSpecification","valueRequired":true,"valueName":"search_term_string"}}],"inLanguage":"en-US"}]}},"_links":{"self":[{"href":"https:\/\/fpc.assoc.ro\/index.php?rest_route=\/wp\/v2\/pages\/73","targetHints":{"allow":["GET"]}}],"collection":[{"href":"https:\/\/fpc.assoc.ro\/index.php?rest_route=\/wp\/v2\/pages"}],"about":[{"href":"https:\/\/fpc.assoc.ro\/index.php?rest_route=\/wp\/v2\/types\/page"}],"author":[{"embeddable":true,"href":"https:\/\/fpc.assoc.ro\/index.php?rest_route=\/wp\/v2\/users\/1"}],"replies":[{"embeddable":true,"href":"https:\/\/fpc.assoc.ro\/index.php?rest_route=%2Fwp%2Fv2%2Fcomments&post=73"}],"version-history":[{"count":14,"href":"https:\/\/fpc.assoc.ro\/index.php?rest_route=\/wp\/v2\/pages\/73\/revisions"}],"predecessor-version":[{"id":267,"href":"https:\/\/fpc.assoc.ro\/index.php?rest_route=\/wp\/v2\/pages\/73\/revisions\/267"}],"wp:attachment":[{"href":"https:\/\/fpc.assoc.ro\/index.php?rest_route=%2Fwp%2Fv2%2Fmedia&parent=73"}],"curies":[{"name":"wp","href":"https:\/\/api.w.org\/{rel}","templated":true}]}}